{"id":173,"date":"2020-11-12T09:51:41","date_gmt":"2020-11-12T08:51:41","guid":{"rendered":"http:\/\/fauneproject.com\/?page_id=173"},"modified":"2024-02-21T21:42:15","modified_gmt":"2024-02-21T20:42:15","slug":"calendrier-partenaires-et-budget","status":"publish","type":"page","link":"https:\/\/fauneproject.com\/index.php\/calendrier-partenaires-et-budget\/","title":{"rendered":"CHRONOLOGIE"},"content":{"rendered":"\t\t<div data-elementor-type=\"wp-page\" data-elementor-id=\"173\" class=\"elementor elementor-173\" data-elementor-settings=\"[]\">\n\t\t\t\t\t\t<div class=\"elementor-inner\">\n\t\t\t\t\t\t\t<div class=\"elementor-section-wrap\">\n\t\t\t\t\t\t\t<section class=\"elementor-section elementor-top-section elementor-element elementor-element-14c6ddce elementor-section-boxed elementor-section-height-default elementor-section-height-default\" data-id=\"14c6ddce\" data-element_type=\"section\">\n\t\t\t\t\t\t<div class=\"elementor-container elementor-column-gap-default\">\n\t\t\t\t\t\t\t<div class=\"elementor-row\">\n\t\t\t\t\t<div class=\"elementor-column elementor-col-100 elementor-top-column elementor-element elementor-element-77c8bf3b\" data-id=\"77c8bf3b\" data-element_type=\"column\">\n\t\t\t<div class=\"elementor-column-wrap elementor-element-populated\">\n\t\t\t\t\t\t\t<div class=\"elementor-widget-wrap\">\n\t\t\t\t\t\t<div class=\"elementor-element elementor-element-54c3c82c elementor-widget elementor-widget-text-editor\" data-id=\"54c3c82c\" data-element_type=\"widget\" data-widget_type=\"text-editor.default\">\n\t\t\t\t<div class=\"elementor-widget-container\">\n\t\t\t\t\t<div class=\"elementor-text-editor elementor-clearfix\"><p><!-- wp:heading {\"level\":4} --><\/p>\n<p style=\"text-align: left;\">Calendrier, Partenaires et Budget<\/p>\n<p><!-- \/wp:heading --><\/p>\n<p><!-- wp:heading {\"level\":5} --><\/p>\n<h5>PHASE 1 &#8211; 2017-2021 La pr\u00e9paration du projet<strong> :<\/strong><\/h5>\n<p><!-- \/wp:heading --><\/p>\n<p><!-- wp:paragraph --><\/p>\n<p><strong>Novembre 2017 <\/strong>: rencontre Beijing Sylvain Gillet -Wang Xiaoping, visite terrains exploit\u00e9s au nord de Beijing<\/p>\n<p><!-- \/wp:paragraph --><\/p>\n<p><!-- wp:paragraph --><\/p>\n<p><strong>Avril 2019<\/strong> : finalisation projet (organisation, gouvernance globale, vision moyen, long terme)<\/p>\n<p><!-- \/wp:paragraph --><\/p>\n<p><!-- wp:paragraph --><\/p>\n<p><strong>2019:<\/strong> Contact avec l&#8217;ensembles des partenaires de la fili\u00e8re (rencontre d&#8217;Amboise, rencontre chez Dalival, rencontre Sival, inplication des conseillers de l&#8217;ambassade de France \u00e0 Beijing et de l&#8217;Ambassade de Chine \u00e0 Paris et diff\u00e9rentes rencontres avec les exploitants)<\/p>\n<p><!-- \/wp:paragraph --><\/p>\n<p><!-- wp:paragraph --><\/p>\n<p><strong>2020 :<\/strong> interruption du fait des 2 confinements et de l&#8217;\u00e9pid\u00e9mie de COVID cependant 2 rencontres ont \u00e9t\u00e9 engag\u00e9es ( visio-conf\u00e9rence de luillet avec l&#8217;ambassade de France \u00e0 Beijing et rencontre avec les organisateurs du SIVAL<\/p>\n<p><!-- \/wp:paragraph --><\/p>\n<p><!-- wp:paragraph --><\/p>\n<p>De nombreux exploitants exploitants, coop\u00e9rateurs ou priv\u00e9s, centres techniques et p\u00f4les de comp\u00e9titivit\u00e9 ou recherches, institutionnels, r\u00e9gions, organisations de d\u00e9veloppement international, distributeurs, autres membres de la fili\u00e8re arboricole ont \u00e9t\u00e9 contact\u00e9s pour construire une fili\u00e8re avec toutes ses comp\u00e9tences<\/p>\n<p><!-- \/wp:paragraph --><\/p>\n<p><!-- wp:paragraph --><\/p>\n<p><strong style=\"font-size: inherit; color: var( --e-global-color-text ); font-family: var( --e-global-typography-text-font-family ), Sans-serif;\"><span style=\"font-size: inherit; color: var( --e-global-color-text ); font-family: var( --e-global-typography-text-font-family ), Sans-serif;\">2<\/span><span style=\"font-size: inherit; color: var( --e-global-color-text ); font-family: var( --e-global-typography-text-font-family ), Sans-serif;\">022 :&nbsp;<\/span><\/strong><span style=\"font-size: inherit; color: var( --e-global-color-text ); font-family: var( --e-global-typography-text-font-family ), Sans-serif; font-weight: var( --e-global-typography-text-font-weight );\">Plusieurs rencontres ont \u00e9t\u00e9 engag\u00e9s avec les acteurs des Pays de la Loire ce qui a contribu\u00e9 \u00e0 d\u00e9velopper les partenariats :<\/span><\/p>\n<p>mars 22 : Organisation conf\u00e9rence entre les acteurs de la fili\u00e8re arboricole Fran\u00e7aise et la Beijing Forestry Society : table ronde Franco-Chinoise&nbsp;<\/p>\n<p><strong>ao\u00fbt22 :<\/strong> participation au Congr\u00e8s International de l&#8217;Horticulture (IHC 22 )&nbsp;<\/p>\n<p><strong>octobre 22 :<\/strong> cr\u00e9ation des partenariats&nbsp; avec Cueillettes Urbaines pour porter les jardins urbains, avec Biopost pour les biofertilisant et pr\u00e9paration du design globaldu&nbsp; projet d&#8217;agri-teck Park<\/p>\n<p><\/p>\n<p><span style=\"text-decoration: underline;\"><b>Ann\u00e9e 2023 : Reconnaissance par la Chine de FAUNEproject et portage de l&#8217;offre&nbsp;<\/b><\/span><\/p>\n<p><span style=\"font-size: inherit; color: var( --e-global-color-text ); font-family: var( --e-global-typography-text-font-family ), Sans-serif;\">&#8211; Mise en pause du projet de ferme exp\u00e9rimentale en arboriculture dans l&#8217;attente de la maturit\u00e9 de la fili\u00e8re Fran\u00e7aise et de l&#8217;arr\u00eat de terres agricoles d&#8217;implantation.&nbsp;<\/span><\/p>\n<p><b style=\"font-size: inherit; color: var( --e-global-color-text ); font-family: var( --e-global-typography-text-font-family ), Sans-serif;\">&#8211; Forte collaboration avec l&#8217;Association des Ing\u00e9nieurs Agronomes Chinois en France<\/b><\/p>\n<p><b style=\"font-size: inherit; color: var( --e-global-color-text ); font-family: var( --e-global-typography-text-font-family ), Sans-serif;\">&#8211; R\u00e9ception d&#8217;une d\u00e9l\u00e9gation Chinoise de la CEATEC en juin avec la Chambre d&#8217;agriculture du 41&nbsp;<\/b><\/p>\n<p><b>&#8211;<u> Les r\u00e9gions rencontr\u00e9es :<\/u><\/b><\/p>\n<h2>\n<ul>\n<li><b>le Fujian avec la CCI Ile \u00e0 l&#8217;ouest de la Chine&nbsp;<\/b><\/li>\n<\/ul>\n<ul>\n<li><b>le Henan<\/b><\/li>\n<\/ul>\n<ul>\n<li><b>le Sichuan (salon des Global Identification de Luzhou et intensification des liens dans le Sichuan)<\/b><\/li>\n<\/ul>\n<ul>\n<li><b style=\"color: var( --e-global-color-text );\">la Beijing Forestry Society&nbsp; &nbsp;&nbsp;<\/b><\/li>\n<\/ul>\n<\/h2>\n<p><strong>&nbsp;1 er semestre 2024 :<\/strong>&nbsp;&nbsp;<\/p>\n<p>Ou<span style=\"font-size: inherit; color: var( --e-global-color-text ); font-family: var( --e-global-typography-text-font-family ), Sans-serif; font-weight: var( --e-global-typography-text-font-weight );\">verture de coop\u00e9rations avec le Yunnan.<\/span><\/p>\n<p><span style=\"font-size: inherit; color: var( --e-global-color-text ); font-family: var( --e-global-typography-text-font-family ), Sans-serif; font-weight: var( --e-global-typography-text-font-weight );\">Pr\u00e9paration d&#8217;une d\u00e9l\u00e9gation Fran\u00e7aise constitu\u00e9e des 3 r\u00e9gions constitutifs des partenariats et des segments d&#8217;activit\u00e9s : Ile d France, R\u00e9gion Centre Val de Loire et Pays de la Loire<\/span><\/p>\n<p><b style=\"font-size: inherit; color: var( --e-global-color-text ); font-family: var( --e-global-typography-text-font-family ), Sans-serif;\">2 \u00e8me semestre 2024 :<\/b><\/p>\n<p>Relance du projet de ferme exp\u00e9rimentale et commerciale selon sensibilit\u00e9 de la fili\u00e8re Fran\u00e7aise<\/p>\n<p><strong style=\"font-size: inherit; color: var( --e-global-color-text ); font-family: var( --e-global-typography-text-font-family ), Sans-serif;\">2025:<\/strong><strong style=\"font-size: inherit; color: var( --e-global-color-text ); font-family: var( --e-global-typography-text-font-family ), Sans-serif;\">&nbsp;Etude de faisabilit\u00e9 d&#8217;un an selon int\u00e9r\u00eat engagement des partenaires Fran\u00e7ais et Chinois<\/strong><\/p>\n<p><strong style=\"font-size: inherit; color: var( --e-global-color-text ); font-family: var( --e-global-typography-text-font-family ), Sans-serif;\">2026 :&nbsp;<\/strong><strong style=\"font-size: inherit; color: var( --e-global-color-text ); font-family: var( --e-global-typography-text-font-family ), Sans-serif;\">Suite \u00e0 \u00e9tude de faisabilit\u00e9 : d\u00e9cision du Go\/noGo<\/strong><\/p>\n<p><strong style=\"font-size: inherit; color: var( --e-global-color-text ); font-family: var( --e-global-typography-text-font-family ), Sans-serif;\">Si Go,&nbsp;<\/strong><\/p>\n<p><\/p>\n<p><strong style=\"font-size: inherit; color: var( --e-global-color-text ); font-family: var( --e-global-typography-text-font-family ), Sans-serif;\">&nbsp;<\/strong><span style=\"font-size: inherit; color: var( --e-global-color-text ); font-family: var( --e-global-typography-text-font-family ), Sans-serif; font-weight: var( --e-global-typography-text-font-weight );\">\u2022&nbsp;<\/span><span style=\"font-size: inherit; color: var( --e-global-color-text ); font-family: var( --e-global-typography-text-font-family ), Sans-serif; font-weight: var( --e-global-typography-text-font-weight );\">Choisir des sites pour les premiers vergers (pr\u00e9parer la consolidation juridique sur 40 ans)<\/span><\/p>\n<p>\u2022 Pr\u00e9parer la terre<\/p>\n<p><!-- \/wp:paragraph --><\/p>\n<p><!-- wp:paragraph --><\/p>\n<p>.&nbsp;<span style=\"font-size: inherit; color: var( --e-global-color-text ); font-family: var( --e-global-typography-text-font-family ), Sans-serif; font-weight: var( --e-global-typography-text-font-weight );\">Avril \u00e0 d\u00e9cembre : lancement des diff\u00e9rentes \u00e9tudes de validation (approche financi\u00e8re, business plan d\u00e9j\u00e0 engag\u00e9s depuis 2018) afin de concr\u00e9tiser la mise en place op\u00e9rationnelle du projet ( \u00e9tudes des terres, \u00e9tude de marque,&#8230;.) Mise en place organisation des chefs d&#8217;exploitation et du suivi technique du projet durant les 4 ans suivants.<\/span><\/p>\n<p><!-- \/wp:paragraph --><\/p>\n<p><!-- wp:paragraph --><\/p>\n<p><span style=\"font-size: inherit; color: var( --e-global-color-text ); font-family: var( --e-global-typography-text-font-family ), Sans-serif; font-weight: var( --e-global-typography-text-font-weight );\">\u2022&nbsp;Contracter le montant permettant de financer le projet&nbsp;<\/span><\/p>\n<p>\u2022 Envoyer vers le Chine, les arbres qui serviront \u00e0 cette premi\u00e8re exploitation<br>\u2022 D\u00e9velopper une p\u00e9pini\u00e8re pour faire pousser des arbres dans les vergers suppl\u00e9mentaires<\/p>\n<p><!-- \/wp:paragraph --><\/p>\n<p><!-- wp:paragraph --><\/p>\n<p><strong style=\"font-size: inherit; color: var( --e-global-color-text ); font-family: var( --e-global-typography-text-font-family ), Sans-serif;\">Hiver 2026 plantation des arbres :<\/strong><\/p>\n<p><!-- \/wp:paragraph --><\/p>\n<p><!-- wp:paragraph --><\/p>\n<p><\/p>\n<p><!-- \/wp:paragraph --><\/p>\n<p><!-- wp:paragraph --><\/p>\n<p><strong>2030:<\/strong><br>\u2022 Premi\u00e8re (petite) r\u00e9colte<br>\u2022 D\u00e9velopper des parcours sur le march\u00e9 du commerce de d\u00e9tail<br>\u2022 Commencer les activit\u00e9s de marque<br>\u2022 Construire un deuxi\u00e8me centre de tri et de conservation<\/p>\n<p><!-- \/wp:paragraph --><\/p>\n<p><!-- wp:paragraph --><\/p>\n<p><\/p>\n<p><!-- \/wp:paragraph --><\/p>\n<p><!-- wp:paragraph --><\/p>\n<p><!-- \/wp:paragraph --><\/p>\n<p><!-- wp:heading {\"level\":4} --><\/p>\n<h4><\/h4>\n<p><!-- \/wp:heading --><\/p>\n<p><!-- wp:paragraph --><\/p>\n<p><\/p>\n<div class=\"wp-block-themeisle-blocks-advanced-columns has-undefined-columns has-desktop-undefined-layout has-tablet-equal-layout has-mobile-equal-layout has-default-gap has-vertical-unset\" id=\"wp-block-themeisle-blocks-advanced-columns-c33b4fe5\">\n<div class=\"innerblocks-wrap\"><\/div>\n<\/div>\n<p><!-- \/wp:themeisle-blocks\/advanced-columns --><\/p>\n<p><!-- wp:paragraph --><\/p>\n<p><!-- \/wp:paragraph --><\/p><\/div>\n\t\t\t\t<\/div>\n\t\t\t\t<\/div>\n\t\t\t\t<div class=\"elementor-element elementor-element-3051357 elementor-widget elementor-widget-text-editor\" data-id=\"3051357\" data-element_type=\"widget\" data-widget_type=\"text-editor.default\">\n\t\t\t\t<div class=\"elementor-widget-container\">\n\t\t\t\t\t<div class=\"elementor-text-editor elementor-clearfix\"><\/div>\n\t\t\t\t<\/div>\n\t\t\t\t<\/div>\n\t\t\t\t\t\t<\/div>\n\t\t\t\t\t<\/div>\n\t\t<\/div>\n\t\t\t\t\t\t\t\t<\/div>\n\t\t\t\t\t<\/div>\n\t\t<\/section>\n\t\t\t\t\t\t<\/div>\n\t\t\t\t\t\t<\/div>\n\t\t\t\t\t<\/div>\n\t\t","protected":false},"excerpt":{"rendered":"<p>Calendrier, Partenaires et Budget PHASE 1 &#8211; 2017-2021 La pr\u00e9paration du projet : Novembre 2017 : rencontre Beijing Sylvain Gillet -Wang Xiaoping, visite terrains exploit\u00e9s au nord de Beijing Avril 2019 : finalisation projet (organisation, gouvernance globale, vision moyen, long terme) 2019: Contact avec l&#8217;ensembles des partenaires de la fili\u00e8re [&hellip;]<\/p>\n","protected":false},"author":1,"featured_media":0,"parent":0,"menu_order":0,"comment_status":"closed","ping_status":"closed","template":"","meta":[],"yoast_head":"<!-- This site is optimized with the Yoast SEO plugin v15.3 - https:\/\/yoast.com\/wordpress\/plugins\/seo\/ -->\n<title>CHRONOLOGIE -<\/title>\n<meta name=\"robots\" content=\"index, follow, max-snippet:-1, max-image-preview:large, max-video-preview:-1\" \/>\n<link rel=\"canonical\" href=\"https:\/\/fauneproject.com\/index.php\/calendrier-partenaires-et-budget\/\" \/>\n<meta property=\"og:locale\" content=\"en_US\" \/>\n<meta property=\"og:type\" content=\"article\" \/>\n<meta property=\"og:title\" content=\"CHRONOLOGIE -\" \/>\n<meta property=\"og:description\" content=\"Calendrier, Partenaires et Budget PHASE 1 &#8211; 2017-2021 La pr\u00e9paration du projet : Novembre 2017 : rencontre Beijing Sylvain Gillet -Wang Xiaoping, visite terrains exploit\u00e9s au nord de Beijing Avril 2019 : finalisation projet (organisation, gouvernance globale, vision moyen, long terme) 2019: Contact avec l&#8217;ensembles des partenaires de la fili\u00e8re [&hellip;]\" \/>\n<meta property=\"og:url\" content=\"https:\/\/fauneproject.com\/index.php\/calendrier-partenaires-et-budget\/\" \/>\n<meta property=\"article:modified_time\" content=\"2024-02-21T20:42:15+00:00\" \/>\n<meta name=\"twitter:card\" content=\"summary_large_image\" \/>\n<meta name=\"twitter:label1\" content=\"Written by\">\n\t<meta name=\"twitter:data1\" content=\"admin5093\">\n\t<meta name=\"twitter:label2\" content=\"Est. reading time\">\n\t<meta name=\"twitter:data2\" content=\"2 minutes\">\n<script type=\"application\/ld+json\" class=\"yoast-schema-graph\">{\"@context\":\"https:\/\/schema.org\",\"@graph\":[{\"@type\":\"WebSite\",\"@id\":\"https:\/\/fauneproject.com\/#website\",\"url\":\"https:\/\/fauneproject.com\/\",\"name\":\"\",\"description\":\"French Agricultor and Urban Nature and Environment\",\"potentialAction\":[{\"@type\":\"SearchAction\",\"target\":\"https:\/\/fauneproject.com\/?s={search_term_string}\",\"query-input\":\"required name=search_term_string\"}],\"inLanguage\":\"en-US\"},{\"@type\":\"WebPage\",\"@id\":\"https:\/\/fauneproject.com\/index.php\/calendrier-partenaires-et-budget\/#webpage\",\"url\":\"https:\/\/fauneproject.com\/index.php\/calendrier-partenaires-et-budget\/\",\"name\":\"CHRONOLOGIE -\",\"isPartOf\":{\"@id\":\"https:\/\/fauneproject.com\/#website\"},\"datePublished\":\"2020-11-12T08:51:41+00:00\",\"dateModified\":\"2024-02-21T20:42:15+00:00\",\"inLanguage\":\"en-US\",\"potentialAction\":[{\"@type\":\"ReadAction\",\"target\":[\"https:\/\/fauneproject.com\/index.php\/calendrier-partenaires-et-budget\/\"]}]}]}<\/script>\n<!-- \/ Yoast SEO plugin. -->","_links":{"self":[{"href":"https:\/\/fauneproject.com\/index.php\/wp-json\/wp\/v2\/pages\/173"}],"collection":[{"href":"https:\/\/fauneproject.com\/index.php\/wp-json\/wp\/v2\/pages"}],"about":[{"href":"https:\/\/fauneproject.com\/index.php\/wp-json\/wp\/v2\/types\/page"}],"author":[{"embeddable":true,"href":"https:\/\/fauneproject.com\/index.php\/wp-json\/wp\/v2\/users\/1"}],"replies":[{"embeddable":true,"href":"https:\/\/fauneproject.com\/index.php\/wp-json\/wp\/v2\/comments?post=173"}],"version-history":[{"count":41,"href":"https:\/\/fauneproject.com\/index.php\/wp-json\/wp\/v2\/pages\/173\/revisions"}],"predecessor-version":[{"id":1331,"href":"https:\/\/fauneproject.com\/index.php\/wp-json\/wp\/v2\/pages\/173\/revisions\/1331"}],"wp:attachment":[{"href":"https:\/\/fauneproject.com\/index.php\/wp-json\/wp\/v2\/media?parent=173"}],"curies":[{"name":"wp","href":"https:\/\/api.w.org\/{rel}","templated":true}]}}