{"id":923,"date":"2022-08-10T15:53:01","date_gmt":"2022-08-10T13:53:01","guid":{"rendered":"https:\/\/fauneproject.com\/?page_id=923"},"modified":"2022-08-12T16:12:41","modified_gmt":"2022-08-12T14:12:41","slug":"culture-urbaine-ferme-verticale-hic-2022-14-au-20-juin","status":"publish","type":"page","link":"https:\/\/fauneproject.com\/index.php\/culture-urbaine-ferme-verticale-hic-2022-14-au-20-juin\/","title":{"rendered":"Culture urbaine-ferme verticale &#8211; HIC 2022 14 au 20 juin"},"content":{"rendered":"<h2>Culture urbaine &#8211; ferme verticale &#8211;<br \/>\nHIC 2022 14 au 20 juin<\/h2>\n<h3><strong>Partenariat invitation Chine \u00e0 l\u2019International Horticultural Congress 2022 d\u2019Angers du 14 au 20 ao\u00fbt 22<\/strong><\/h3>\n<p>FAUNE project g\u00e8re l\u2019invitation des membres de la Beijing Forestry Society (et autres organisations) \u00e0 travers un partenariat privil\u00e9gi\u00e9.<\/p>\n<p>Les projets de coop\u00e9ration post-congr\u00e8s seront accompagn\u00e9s avec un pilotage sp\u00e9cifique.<\/p>\n<p><img src=\"https:\/\/fauneproject.com\/wp-content\/uploads\/2022\/08\/sans-titre-4-640x320-1.png\" alt=\"\" loading=\"lazy\" srcset=\"https:\/\/fauneproject.com\/wp-content\/uploads\/2022\/08\/sans-titre-4-640x320-1.png 640w, https:\/\/fauneproject.com\/wp-content\/uploads\/2022\/08\/sans-titre-4-640x320-1-300x150.png 300w, https:\/\/fauneproject.com\/wp-content\/uploads\/2022\/08\/sans-titre-4-640x320-1-16x8.png 16w\" sizes=\"(max-width: 640px) 100vw, 640px\" width=\"640\" height=\"320\"><\/p>\n<p>Le Pr\u00e9sident de l\u2019International Horticultural Congress: Fran\u00e7ois Laurens pr\u00e9sente ce Congr\u00e8s comme \u00e9tant un congr\u00e8s hybride ouvert \u00e0 diff\u00e9rents publiques (scientifiques, professionnels et participant \u00e0 l\u2019\u00e9ducation) L\u2019horticulture accompagne la transition \u00e9cologique.<\/p>\n<p>FAUNEproject pr\u00e9conise certains symposia couvrant la v\u00e9g\u00e9talisation dans les villes et consacr\u00e9 \u00e0 2 objectifs port\u00e9s par le salon :<b> \u201cClimate Change Mitigation and Adaptation Solutions\u201d<\/b> et<b> \u201cFood, Public Health and Well Being\u201d<\/b><\/p>\n<p>A ce titre 3 symposia paraissent particuli\u00e8rement int\u00e9ressants:<\/p>\n<p>\u00b7 Urban Horticulture for sunstainable food<\/p>\n<p>\u00b7 Ecosystems services in a climate changing word (greencities 22)<\/p>\n<p>\u00b7 Advances in vertical farming<\/p>\n<p>Le domaine V\u00e9g\u00e9talisation des villes, jardins urbains et fermes verticales<\/p>\n<p>FAUNEproject pourra r\u00e9pondre \u00e0 des demandes de pilotage de projets sur ces champs de d\u00e9veloppement avec un relai fili\u00e8re d\u00e9j\u00e0 reconnu pour un certain nombre de r\u00e9alisations :<\/p>\n<p>La soci\u00e9t\u00e9 \u201cCueillette Urbaine\u201d dirig\u00e9 par son pr\u00e9sident <i>Paul Rousselin <\/i>:<\/p>\n<p><a href=\"https:\/\/www.cueilletteurbaine.com\/\">www.cueilletteurbaine.com<\/a><\/p>\n<ul>\n<li>&nbsp;Un relai fili\u00e8re peut prendre en charge des projets en co-pilotage avec FAUNE pour la comp\u00e9tence m\u00e9tier avec ses propres ressources ou en adjoindre d\u2019autres en s\u2019associant \u00e0 des acteurs de m\u00eame nature (AFAUP, autres).&nbsp;<\/li>\n<\/ul>\n<p>L\u2019objectif est de gr\u00e9er une fili\u00e8re Fran\u00e7aise pouvant r\u00e9pondre sur la Chine et\/ou l\u2019Asie<\/p>\n","protected":false},"excerpt":{"rendered":"<p>Culture urbaine &#8211; ferme verticale &#8211; HIC 2022 14 au 20 juin Partenariat invitation Chine \u00e0 l\u2019International Horticultural Congress 2022 d\u2019Angers du 14 au 20 ao\u00fbt 22 FAUNE project g\u00e8re l\u2019invitation des membres de la Beijing Forestry Society (et autres organisations) \u00e0 travers un partenariat privil\u00e9gi\u00e9. Les projets de coop\u00e9ration [&hellip;]<\/p>\n","protected":false},"author":1,"featured_media":0,"parent":0,"menu_order":0,"comment_status":"closed","ping_status":"closed","template":"page-templates\/template-pagebuilder-full-width.php","meta":[],"yoast_head":"<!-- This site is optimized with the Yoast SEO plugin v15.3 - https:\/\/yoast.com\/wordpress\/plugins\/seo\/ -->\n<title>Culture urbaine-ferme verticale - HIC 2022 14 au 20 juin -<\/title>\n<meta name=\"robots\" content=\"index, follow, max-snippet:-1, max-image-preview:large, max-video-preview:-1\" \/>\n<link rel=\"canonical\" href=\"https:\/\/fauneproject.com\/index.php\/culture-urbaine-ferme-verticale-hic-2022-14-au-20-juin\/\" \/>\n<meta property=\"og:locale\" content=\"en_US\" \/>\n<meta property=\"og:type\" content=\"article\" \/>\n<meta property=\"og:title\" content=\"Culture urbaine-ferme verticale - HIC 2022 14 au 20 juin -\" \/>\n<meta property=\"og:description\" content=\"Culture urbaine &#8211; ferme verticale &#8211; HIC 2022 14 au 20 juin Partenariat invitation Chine \u00e0 l\u2019International Horticultural Congress 2022 d\u2019Angers du 14 au 20 ao\u00fbt 22 FAUNE project g\u00e8re l\u2019invitation des membres de la Beijing Forestry Society (et autres organisations) \u00e0 travers un partenariat privil\u00e9gi\u00e9. Les projets de coop\u00e9ration [&hellip;]\" \/>\n<meta property=\"og:url\" content=\"https:\/\/fauneproject.com\/index.php\/culture-urbaine-ferme-verticale-hic-2022-14-au-20-juin\/\" \/>\n<meta property=\"article:modified_time\" content=\"2022-08-12T14:12:41+00:00\" \/>\n<meta property=\"og:image\" content=\"https:\/\/fauneproject.com\/wp-content\/uploads\/2022\/08\/sans-titre-4-640x320-1.png\" \/>\n<meta name=\"twitter:card\" content=\"summary_large_image\" \/>\n<meta name=\"twitter:label1\" content=\"Written by\">\n\t<meta name=\"twitter:data1\" content=\"admin5093\">\n\t<meta name=\"twitter:label2\" content=\"Est. reading time\">\n\t<meta name=\"twitter:data2\" content=\"1 minute\">\n<script type=\"application\/ld+json\" class=\"yoast-schema-graph\">{\"@context\":\"https:\/\/schema.org\",\"@graph\":[{\"@type\":\"WebSite\",\"@id\":\"https:\/\/fauneproject.com\/#website\",\"url\":\"https:\/\/fauneproject.com\/\",\"name\":\"\",\"description\":\"French Agricultor and Urban Nature and Environment\",\"potentialAction\":[{\"@type\":\"SearchAction\",\"target\":\"https:\/\/fauneproject.com\/?s={search_term_string}\",\"query-input\":\"required name=search_term_string\"}],\"inLanguage\":\"en-US\"},{\"@type\":\"ImageObject\",\"@id\":\"https:\/\/fauneproject.com\/index.php\/culture-urbaine-ferme-verticale-hic-2022-14-au-20-juin\/#primaryimage\",\"inLanguage\":\"en-US\",\"url\":\"https:\/\/fauneproject.com\/wp-content\/uploads\/2022\/08\/sans-titre-4-640x320-1.png\",\"width\":640,\"height\":320},{\"@type\":\"WebPage\",\"@id\":\"https:\/\/fauneproject.com\/index.php\/culture-urbaine-ferme-verticale-hic-2022-14-au-20-juin\/#webpage\",\"url\":\"https:\/\/fauneproject.com\/index.php\/culture-urbaine-ferme-verticale-hic-2022-14-au-20-juin\/\",\"name\":\"Culture urbaine-ferme verticale - HIC 2022 14 au 20 juin -\",\"isPartOf\":{\"@id\":\"https:\/\/fauneproject.com\/#website\"},\"primaryImageOfPage\":{\"@id\":\"https:\/\/fauneproject.com\/index.php\/culture-urbaine-ferme-verticale-hic-2022-14-au-20-juin\/#primaryimage\"},\"datePublished\":\"2022-08-10T13:53:01+00:00\",\"dateModified\":\"2022-08-12T14:12:41+00:00\",\"inLanguage\":\"en-US\",\"potentialAction\":[{\"@type\":\"ReadAction\",\"target\":[\"https:\/\/fauneproject.com\/index.php\/culture-urbaine-ferme-verticale-hic-2022-14-au-20-juin\/\"]}]}]}<\/script>\n<!-- \/ Yoast SEO plugin. -->","_links":{"self":[{"href":"https:\/\/fauneproject.com\/index.php\/wp-json\/wp\/v2\/pages\/923"}],"collection":[{"href":"https:\/\/fauneproject.com\/index.php\/wp-json\/wp\/v2\/pages"}],"about":[{"href":"https:\/\/fauneproject.com\/index.php\/wp-json\/wp\/v2\/types\/page"}],"author":[{"embeddable":true,"href":"https:\/\/fauneproject.com\/index.php\/wp-json\/wp\/v2\/users\/1"}],"replies":[{"embeddable":true,"href":"https:\/\/fauneproject.com\/index.php\/wp-json\/wp\/v2\/comments?post=923"}],"version-history":[{"count":12,"href":"https:\/\/fauneproject.com\/index.php\/wp-json\/wp\/v2\/pages\/923\/revisions"}],"predecessor-version":[{"id":945,"href":"https:\/\/fauneproject.com\/index.php\/wp-json\/wp\/v2\/pages\/923\/revisions\/945"}],"wp:attachment":[{"href":"https:\/\/fauneproject.com\/index.php\/wp-json\/wp\/v2\/media?parent=923"}],"curies":[{"name":"wp","href":"https:\/\/api.w.org\/{rel}","templated":true}]}}